{"id":4511,"date":"2022-03-08T16:41:14","date_gmt":"2022-03-08T15:41:14","guid":{"rendered":"https:\/\/benvenuto.citycenter.it\/pensieri\/"},"modified":"2024-10-08T11:00:57","modified_gmt":"2024-10-08T09:00:57","slug":"reflexions","status":"publish","type":"page","link":"https:\/\/www.benvenuto.it\/fr\/reflexions\/","title":{"rendered":"R\u00e9flexions"},"content":{"rendered":"\t\t<div data-elementor-type=\"wp-page\" data-elementor-id=\"4511\" class=\"elementor elementor-4511 elementor-2437\" data-elementor-post-type=\"page\">\n\t\t\t\t\t\t<section class=\"elementor-section elementor-top-section elementor-element elementor-element-3536071 elementor-section-height-full elementor-section-boxed elementor-section-height-default elementor-section-items-middle parallax_section_no qode_elementor_container_no\" data-id=\"3536071\" data-element_type=\"section\">\n\t\t\t\t\t\t<div class=\"elementor-container elementor-column-gap-default\">\n\t\t\t\t\t<div class=\"elementor-column elementor-col-100 elementor-top-column elementor-element elementor-element-f024a3b\" data-id=\"f024a3b\" data-element_type=\"column\">\n\t\t\t<div class=\"elementor-widget-wrap elementor-element-populated\">\n\t\t\t\t\t\t<div class=\"elementor-element elementor-element-4a68307 elementor-widget elementor-widget-image\" data-id=\"4a68307\" data-element_type=\"widget\" data-widget_type=\"image.default\">\n\t\t\t\t<div class=\"elementor-widget-container\">\n\t\t\t\t\t\t\t\t\t\t\t\t\t<img fetchpriority=\"high\" decoding=\"async\" width=\"1920\" height=\"1280\" src=\"https:\/\/www.benvenuto.it\/wp-content\/uploads\/2021\/09\/6_pensieri.jpg\" class=\"attachment-full size-full wp-image-3887\" alt=\"\" srcset=\"https:\/\/www.benvenuto.it\/wp-content\/uploads\/2021\/09\/6_pensieri.jpg 1920w, https:\/\/www.benvenuto.it\/wp-content\/uploads\/2021\/09\/6_pensieri-300x200.jpg 300w, https:\/\/www.benvenuto.it\/wp-content\/uploads\/2021\/09\/6_pensieri-1024x683.jpg 1024w, https:\/\/www.benvenuto.it\/wp-content\/uploads\/2021\/09\/6_pensieri-768x512.jpg 768w, https:\/\/www.benvenuto.it\/wp-content\/uploads\/2021\/09\/6_pensieri-1536x1024.jpg 1536w, https:\/\/www.benvenuto.it\/wp-content\/uploads\/2021\/09\/6_pensieri-700x467.jpg 700w\" sizes=\"(max-width: 1920px) 100vw, 1920px\" \/>\t\t\t\t\t\t\t\t\t\t\t\t\t<\/div>\n\t\t\t\t<\/div>\n\t\t\t\t<div class=\"elementor-element elementor-element-7e3d639 e-transform e-transform elementor-widget__width-auto elementor-absolute elementor-widget elementor-widget-global elementor-global-2232 elementor-widget-image\" data-id=\"7e3d639\" data-element_type=\"widget\" data-settings=\"{&quot;motion_fx_motion_fx_scrolling&quot;:&quot;yes&quot;,&quot;motion_fx_rotateZ_effect&quot;:&quot;yes&quot;,&quot;_transform_rotateZ_effect_hover&quot;:{&quot;unit&quot;:&quot;px&quot;,&quot;size&quot;:360,&quot;sizes&quot;:[]},&quot;_transform_scale_effect_hover&quot;:{&quot;unit&quot;:&quot;px&quot;,&quot;size&quot;:1.5,&quot;sizes&quot;:[]},&quot;_position&quot;:&quot;absolute&quot;,&quot;motion_fx_rotateZ_speed&quot;:{&quot;unit&quot;:&quot;px&quot;,&quot;size&quot;:1,&quot;sizes&quot;:[]},&quot;motion_fx_rotateZ_affectedRange&quot;:{&quot;unit&quot;:&quot;%&quot;,&quot;size&quot;:&quot;&quot;,&quot;sizes&quot;:{&quot;start&quot;:0,&quot;end&quot;:100}},&quot;motion_fx_devices&quot;:[&quot;desktop&quot;,&quot;tablet&quot;,&quot;mobile&quot;],&quot;_transform_rotateZ_effect_hover_tablet&quot;:{&quot;unit&quot;:&quot;deg&quot;,&quot;size&quot;:&quot;&quot;,&quot;sizes&quot;:[]},&quot;_transform_rotateZ_effect_hover_mobile&quot;:{&quot;unit&quot;:&quot;deg&quot;,&quot;size&quot;:&quot;&quot;,&quot;sizes&quot;:[]},&quot;_transform_scale_effect_hover_tablet&quot;:{&quot;unit&quot;:&quot;px&quot;,&quot;size&quot;:&quot;&quot;,&quot;sizes&quot;:[]},&quot;_transform_scale_effect_hover_mobile&quot;:{&quot;unit&quot;:&quot;px&quot;,&quot;size&quot;:&quot;&quot;,&quot;sizes&quot;:[]}}\" data-widget_type=\"image.default\">\n\t\t\t\t<div class=\"elementor-widget-container\">\n\t\t\t\t\t\t\t\t\t\t\t\t\t<img decoding=\"async\" width=\"150\" height=\"150\" src=\"https:\/\/www.benvenuto.it\/wp-content\/uploads\/2022\/06\/SEI-UN-DESIGNER-1-150x150.png\" class=\"attachment-thumbnail size-thumbnail wp-image-2482\" alt=\"\" srcset=\"https:\/\/www.benvenuto.it\/wp-content\/uploads\/2022\/06\/SEI-UN-DESIGNER-1-150x150.png 150w, https:\/\/www.benvenuto.it\/wp-content\/uploads\/2022\/06\/SEI-UN-DESIGNER-1.png 226w\" sizes=\"(max-width: 150px) 100vw, 150px\" \/>\t\t\t\t\t\t\t\t\t\t\t\t\t<\/div>\n\t\t\t\t<\/div>\n\t\t\t\t\t<\/div>\n\t\t<\/div>\n\t\t\t\t\t<\/div>\n\t\t<\/section>\n\t\t\t\t<section class=\"elementor-section elementor-top-section elementor-element elementor-element-5ae321e elementor-section-boxed elementor-section-height-default elementor-section-height-default parallax_section_no qode_elementor_container_no\" data-id=\"5ae321e\" data-element_type=\"section\">\n\t\t\t\t\t\t<div class=\"elementor-container elementor-column-gap-default\">\n\t\t\t\t\t<div class=\"elementor-column elementor-col-100 elementor-top-column elementor-element elementor-element-304bd7d\" data-id=\"304bd7d\" data-element_type=\"column\">\n\t\t\t<div class=\"elementor-widget-wrap elementor-element-populated\">\n\t\t\t\t\t\t<div class=\"elementor-element elementor-element-8e32804 elementor-widget elementor-widget-text-editor\" data-id=\"8e32804\" data-element_type=\"widget\" data-widget_type=\"text-editor.default\">\n\t\t\t\t<div class=\"elementor-widget-container\">\n\t\t\t\t\t\t\t<p>\u00c0 venir &#8211;<\/p>\t\t\t\t\t\t<\/div>\n\t\t\t\t<\/div>\n\t\t\t\t\t<\/div>\n\t\t<\/div>\n\t\t\t\t\t<\/div>\n\t\t<\/section>\n\t\t\t\t<\/div>\n\t\t","protected":false},"excerpt":{"rendered":"<p>\u00c0 venir &#8211;<\/p>\n","protected":false},"author":1,"featured_media":0,"parent":0,"menu_order":0,"comment_status":"closed","ping_status":"closed","template":"blog-masonry.php","meta":{"inline_featured_image":false,"footnotes":""},"class_list":["post-4511","page","type-page","status-publish","hentry"],"yoast_head":"<!-- This site is optimized with the Yoast SEO plugin v23.5 - https:\/\/yoast.com\/wordpress\/plugins\/seo\/ -->\n<title>R\u00e9flexions - Benvenuto Mastri Vetrai<\/title>\n<meta name=\"description\" content=\"\u00c9tudes approfondies, r\u00e9flexions et histoires de design dans le monde extraordinaire du verre, comme l\u2019a v\u00e9cu Benvenuto Mastri Vetrai.\" \/>\n<meta name=\"robots\" content=\"index, follow, max-snippet:-1, max-image-preview:large, max-video-preview:-1\" \/>\n<link rel=\"canonical\" href=\"https:\/\/www.benvenuto.it\/fr\/reflexions\/\" \/>\n<meta property=\"og:locale\" content=\"fr_FR\" \/>\n<meta property=\"og:type\" content=\"article\" \/>\n<meta property=\"og:title\" content=\"R\u00e9flexions - Benvenuto Mastri Vetrai\" \/>\n<meta property=\"og:description\" content=\"\u00c9tudes approfondies, r\u00e9flexions et histoires de design dans le monde extraordinaire du verre, comme l\u2019a v\u00e9cu Benvenuto Mastri Vetrai.\" \/>\n<meta property=\"og:url\" content=\"https:\/\/www.benvenuto.it\/fr\/reflexions\/\" \/>\n<meta property=\"og:site_name\" content=\"Benvenuto Mastri Vetrai\" \/>\n<meta property=\"article:publisher\" content=\"https:\/\/www.facebook.com\/BenvenutoMastriVetrai\" \/>\n<meta property=\"article:modified_time\" content=\"2024-10-08T09:00:57+00:00\" \/>\n<meta property=\"og:image\" content=\"https:\/\/www.benvenuto.it\/wp-content\/uploads\/2021\/09\/6_pensieri.jpg\" \/>\n<meta name=\"twitter:card\" content=\"summary_large_image\" \/>\n<meta name=\"twitter:label1\" content=\"Dur\u00e9e de lecture estim\u00e9e\" \/>\n\t<meta name=\"twitter:data1\" content=\"1 minute\" \/>\n<script type=\"application\/ld+json\" class=\"yoast-schema-graph\">{\"@context\":\"https:\/\/schema.org\",\"@graph\":[{\"@type\":\"WebPage\",\"@id\":\"https:\/\/www.benvenuto.it\/fr\/reflexions\/\",\"url\":\"https:\/\/www.benvenuto.it\/fr\/reflexions\/\",\"name\":\"R\u00e9flexions - Benvenuto Mastri Vetrai\",\"isPartOf\":{\"@id\":\"https:\/\/www.benvenuto.it\/#website\"},\"primaryImageOfPage\":{\"@id\":\"https:\/\/www.benvenuto.it\/fr\/reflexions\/#primaryimage\"},\"image\":{\"@id\":\"https:\/\/www.benvenuto.it\/fr\/reflexions\/#primaryimage\"},\"thumbnailUrl\":\"https:\/\/www.benvenuto.it\/wp-content\/uploads\/2021\/09\/6_pensieri.jpg\",\"datePublished\":\"2022-03-08T15:41:14+00:00\",\"dateModified\":\"2024-10-08T09:00:57+00:00\",\"description\":\"\u00c9tudes approfondies, r\u00e9flexions et histoires de design dans le monde extraordinaire du verre, comme l\u2019a v\u00e9cu Benvenuto Mastri Vetrai.\",\"breadcrumb\":{\"@id\":\"https:\/\/www.benvenuto.it\/fr\/reflexions\/#breadcrumb\"},\"inLanguage\":\"fr-FR\",\"potentialAction\":[{\"@type\":\"ReadAction\",\"target\":[\"https:\/\/www.benvenuto.it\/fr\/reflexions\/\"]}]},{\"@type\":\"ImageObject\",\"inLanguage\":\"fr-FR\",\"@id\":\"https:\/\/www.benvenuto.it\/fr\/reflexions\/#primaryimage\",\"url\":\"https:\/\/www.benvenuto.it\/wp-content\/uploads\/2021\/09\/6_pensieri.jpg\",\"contentUrl\":\"https:\/\/www.benvenuto.it\/wp-content\/uploads\/2021\/09\/6_pensieri.jpg\"},{\"@type\":\"BreadcrumbList\",\"@id\":\"https:\/\/www.benvenuto.it\/fr\/reflexions\/#breadcrumb\",\"itemListElement\":[{\"@type\":\"ListItem\",\"position\":1,\"name\":\"Home\",\"item\":\"https:\/\/www.benvenuto.it\/\"},{\"@type\":\"ListItem\",\"position\":2,\"name\":\"R\u00e9flexions\"}]},{\"@type\":\"WebSite\",\"@id\":\"https:\/\/www.benvenuto.it\/#website\",\"url\":\"https:\/\/www.benvenuto.it\/\",\"name\":\"Benvenuto Mastri Vetrai\",\"description\":\"Benvenuto Mastri Vetrai \u00e8 un laboratorio di artisti e artigiani che creano opere uniche con tecniche rare e dimenticate. 60 anni di passione per il vetro, di creazioni raffinate e progetti speciali in tutto il mondo.\",\"publisher\":{\"@id\":\"https:\/\/www.benvenuto.it\/#organization\"},\"potentialAction\":[{\"@type\":\"SearchAction\",\"target\":{\"@type\":\"EntryPoint\",\"urlTemplate\":\"https:\/\/www.benvenuto.it\/?s={search_term_string}\"},\"query-input\":{\"@type\":\"PropertyValueSpecification\",\"valueRequired\":true,\"valueName\":\"search_term_string\"}}],\"inLanguage\":\"fr-FR\"},{\"@type\":\"Organization\",\"@id\":\"https:\/\/www.benvenuto.it\/#organization\",\"name\":\"Benvenuto Mastri Vetrai\",\"url\":\"https:\/\/www.benvenuto.it\/\",\"logo\":{\"@type\":\"ImageObject\",\"inLanguage\":\"fr-FR\",\"@id\":\"https:\/\/www.benvenuto.it\/#\/schema\/logo\/image\/\",\"url\":\"https:\/\/www.benvenuto.it\/wp-content\/uploads\/2021\/09\/logo_black_2pt_eps.svg\",\"contentUrl\":\"https:\/\/www.benvenuto.it\/wp-content\/uploads\/2021\/09\/logo_black_2pt_eps.svg\",\"caption\":\"Benvenuto Mastri Vetrai\"},\"image\":{\"@id\":\"https:\/\/www.benvenuto.it\/#\/schema\/logo\/image\/\"},\"sameAs\":[\"https:\/\/www.facebook.com\/BenvenutoMastriVetrai\",\"https:\/\/www.instagram.com\/benvenutomastrivetrai\/\",\"https:\/\/it.pinterest.com\/benvenutomastrivetrai\/\"]}]}<\/script>\n<!-- \/ Yoast SEO plugin. -->","yoast_head_json":{"title":"R\u00e9flexions - Benvenuto Mastri Vetrai","description":"\u00c9tudes approfondies, r\u00e9flexions et histoires de design dans le monde extraordinaire du verre, comme l\u2019a v\u00e9cu Benvenuto Mastri Vetrai.","robots":{"index":"index","follow":"follow","max-snippet":"max-snippet:-1","max-image-preview":"max-image-preview:large","max-video-preview":"max-video-preview:-1"},"canonical":"https:\/\/www.benvenuto.it\/fr\/reflexions\/","og_locale":"fr_FR","og_type":"article","og_title":"R\u00e9flexions - Benvenuto Mastri Vetrai","og_description":"\u00c9tudes approfondies, r\u00e9flexions et histoires de design dans le monde extraordinaire du verre, comme l\u2019a v\u00e9cu Benvenuto Mastri Vetrai.","og_url":"https:\/\/www.benvenuto.it\/fr\/reflexions\/","og_site_name":"Benvenuto Mastri Vetrai","article_publisher":"https:\/\/www.facebook.com\/BenvenutoMastriVetrai","article_modified_time":"2024-10-08T09:00:57+00:00","og_image":[{"url":"https:\/\/www.benvenuto.it\/wp-content\/uploads\/2021\/09\/6_pensieri.jpg"}],"twitter_card":"summary_large_image","twitter_misc":{"Dur\u00e9e de lecture estim\u00e9e":"1 minute"},"schema":{"@context":"https:\/\/schema.org","@graph":[{"@type":"WebPage","@id":"https:\/\/www.benvenuto.it\/fr\/reflexions\/","url":"https:\/\/www.benvenuto.it\/fr\/reflexions\/","name":"R\u00e9flexions - Benvenuto Mastri Vetrai","isPartOf":{"@id":"https:\/\/www.benvenuto.it\/#website"},"primaryImageOfPage":{"@id":"https:\/\/www.benvenuto.it\/fr\/reflexions\/#primaryimage"},"image":{"@id":"https:\/\/www.benvenuto.it\/fr\/reflexions\/#primaryimage"},"thumbnailUrl":"https:\/\/www.benvenuto.it\/wp-content\/uploads\/2021\/09\/6_pensieri.jpg","datePublished":"2022-03-08T15:41:14+00:00","dateModified":"2024-10-08T09:00:57+00:00","description":"\u00c9tudes approfondies, r\u00e9flexions et histoires de design dans le monde extraordinaire du verre, comme l\u2019a v\u00e9cu Benvenuto Mastri Vetrai.","breadcrumb":{"@id":"https:\/\/www.benvenuto.it\/fr\/reflexions\/#breadcrumb"},"inLanguage":"fr-FR","potentialAction":[{"@type":"ReadAction","target":["https:\/\/www.benvenuto.it\/fr\/reflexions\/"]}]},{"@type":"ImageObject","inLanguage":"fr-FR","@id":"https:\/\/www.benvenuto.it\/fr\/reflexions\/#primaryimage","url":"https:\/\/www.benvenuto.it\/wp-content\/uploads\/2021\/09\/6_pensieri.jpg","contentUrl":"https:\/\/www.benvenuto.it\/wp-content\/uploads\/2021\/09\/6_pensieri.jpg"},{"@type":"BreadcrumbList","@id":"https:\/\/www.benvenuto.it\/fr\/reflexions\/#breadcrumb","itemListElement":[{"@type":"ListItem","position":1,"name":"Home","item":"https:\/\/www.benvenuto.it\/"},{"@type":"ListItem","position":2,"name":"R\u00e9flexions"}]},{"@type":"WebSite","@id":"https:\/\/www.benvenuto.it\/#website","url":"https:\/\/www.benvenuto.it\/","name":"Benvenuto Mastri Vetrai","description":"Benvenuto Mastri Vetrai \u00e8 un laboratorio di artisti e artigiani che creano opere uniche con tecniche rare e dimenticate. 60 anni di passione per il vetro, di creazioni raffinate e progetti speciali in tutto il mondo.","publisher":{"@id":"https:\/\/www.benvenuto.it\/#organization"},"potentialAction":[{"@type":"SearchAction","target":{"@type":"EntryPoint","urlTemplate":"https:\/\/www.benvenuto.it\/?s={search_term_string}"},"query-input":{"@type":"PropertyValueSpecification","valueRequired":true,"valueName":"search_term_string"}}],"inLanguage":"fr-FR"},{"@type":"Organization","@id":"https:\/\/www.benvenuto.it\/#organization","name":"Benvenuto Mastri Vetrai","url":"https:\/\/www.benvenuto.it\/","logo":{"@type":"ImageObject","inLanguage":"fr-FR","@id":"https:\/\/www.benvenuto.it\/#\/schema\/logo\/image\/","url":"https:\/\/www.benvenuto.it\/wp-content\/uploads\/2021\/09\/logo_black_2pt_eps.svg","contentUrl":"https:\/\/www.benvenuto.it\/wp-content\/uploads\/2021\/09\/logo_black_2pt_eps.svg","caption":"Benvenuto Mastri Vetrai"},"image":{"@id":"https:\/\/www.benvenuto.it\/#\/schema\/logo\/image\/"},"sameAs":["https:\/\/www.facebook.com\/BenvenutoMastriVetrai","https:\/\/www.instagram.com\/benvenutomastrivetrai\/","https:\/\/it.pinterest.com\/benvenutomastrivetrai\/"]}]}},"_links":{"self":[{"href":"https:\/\/www.benvenuto.it\/fr\/wp-json\/wp\/v2\/pages\/4511","targetHints":{"allow":["GET"]}}],"collection":[{"href":"https:\/\/www.benvenuto.it\/fr\/wp-json\/wp\/v2\/pages"}],"about":[{"href":"https:\/\/www.benvenuto.it\/fr\/wp-json\/wp\/v2\/types\/page"}],"author":[{"embeddable":true,"href":"https:\/\/www.benvenuto.it\/fr\/wp-json\/wp\/v2\/users\/1"}],"replies":[{"embeddable":true,"href":"https:\/\/www.benvenuto.it\/fr\/wp-json\/wp\/v2\/comments?post=4511"}],"version-history":[{"count":4,"href":"https:\/\/www.benvenuto.it\/fr\/wp-json\/wp\/v2\/pages\/4511\/revisions"}],"predecessor-version":[{"id":4785,"href":"https:\/\/www.benvenuto.it\/fr\/wp-json\/wp\/v2\/pages\/4511\/revisions\/4785"}],"wp:attachment":[{"href":"https:\/\/www.benvenuto.it\/fr\/wp-json\/wp\/v2\/media?parent=4511"}],"curies":[{"name":"wp","href":"https:\/\/api.w.org\/{rel}","templated":true}]}}